{"id":88,"date":"2023-08-16T09:38:15","date_gmt":"2023-08-16T09:38:15","guid":{"rendered":"http:\/\/www.teatterilimusiini.fi\/?page_id=88"},"modified":"2023-08-16T09:38:16","modified_gmt":"2023-08-16T09:38:16","slug":"lipunmyynti","status":"publish","type":"page","link":"https:\/\/www.teatterilimusiini.fi\/index.php\/lipunmyynti\/","title":{"rendered":"Lipunmyynti"},"content":{"rendered":"\n<p>T\u00e4ll\u00e4 hetkell\u00e4 ei ole meneill\u00e4\u00e4n esityksi\u00e4, joihin voisi varata lippuja. Palaa my\u00f6hemmin uudelleen.<\/p>\n","protected":false},"excerpt":{"rendered":"<p>T\u00e4ll\u00e4 hetkell\u00e4 ei ole meneill\u00e4\u00e4n esityksi\u00e4, joihin voisi varata lippuja. Palaa my\u00f6hemmin uudelleen.<\/p>\n","protected":false},"author":1,"featured_media":0,"parent":0,"menu_order":0,"comment_status":"closed","ping_status":"closed","template":"","meta":{"footnotes":""},"class_list":["post-88","page","type-page","status-publish","hentry","entry"],"_links":{"self":[{"href":"https:\/\/www.teatterilimusiini.fi\/index.php\/wp-json\/wp\/v2\/pages\/88","targetHints":{"allow":["GET"]}}],"collection":[{"href":"https:\/\/www.teatterilimusiini.fi\/index.php\/wp-json\/wp\/v2\/pages"}],"about":[{"href":"https:\/\/www.teatterilimusiini.fi\/index.php\/wp-json\/wp\/v2\/types\/page"}],"author":[{"embeddable":true,"href":"https:\/\/www.teatterilimusiini.fi\/index.php\/wp-json\/wp\/v2\/users\/1"}],"replies":[{"embeddable":true,"href":"https:\/\/www.teatterilimusiini.fi\/index.php\/wp-json\/wp\/v2\/comments?post=88"}],"version-history":[{"count":1,"href":"https:\/\/www.teatterilimusiini.fi\/index.php\/wp-json\/wp\/v2\/pages\/88\/revisions"}],"predecessor-version":[{"id":89,"href":"https:\/\/www.teatterilimusiini.fi\/index.php\/wp-json\/wp\/v2\/pages\/88\/revisions\/89"}],"wp:attachment":[{"href":"https:\/\/www.teatterilimusiini.fi\/index.php\/wp-json\/wp\/v2\/media?parent=88"}],"curies":[{"name":"wp","href":"https:\/\/api.w.org\/{rel}","templated":true}]}}