{"id":91,"date":"2023-08-16T09:50:52","date_gmt":"2023-08-16T09:50:52","guid":{"rendered":"http:\/\/www.teatterilimusiini.fi\/?page_id=91"},"modified":"2026-03-06T11:43:39","modified_gmt":"2026-03-06T11:43:39","slug":"yhteistyokymppaneille","status":"publish","type":"page","link":"http:\/\/www.teatterilimusiini.fi\/index.php\/yhteistyokymppaneille\/","title":{"rendered":"Yhteisty\u00f6kymppaneille"},"content":{"rendered":"\n<p>Haluaako organisaatiosi tukea toimintaamme ja saada samalla lis\u00e4\u00e4 n\u00e4kyvyytt\u00e4? Ota meihin yhteytt\u00e4 s\u00e4hk\u00f6postilla <a href=\"mailto:hallinto@teatterilimusiini.fi\">hallinto@teatterilimusiini.fi<\/a><\/p>\n\n\n\n<h2 class=\"wp-block-heading\">Aiempia yhteisty\u00f6kumppaneitamme<\/h2>\n\n\n\n<div class=\"wp-block-media-text has-media-on-the-right is-stacked-on-mobile\" style=\"grid-template-columns:auto 48%\"><div class=\"wp-block-media-text__content\">\n<p><a href=\"https:\/\/teatterihyokyvuori.net\/\">Teatteri Hy\u00f6kyvuori<\/a><\/p>\n\n\n\n<p><a href=\"https:\/\/rnt.fi\/\" data-type=\"link\" data-id=\"https:\/\/rnt.fi\/\">Riihim\u00e4en nuorisoteatteri<\/a><\/p>\n\n\n\n<p><a href=\"https:\/\/www.alimus.fi\/\">Alakulttuuritila Alimus<\/a><\/p>\n\n\n\n<p><a href=\"https:\/\/pride.fi\/\">Helsinki Pride<\/a><\/p>\n\n\n\n<p><a href=\"https:\/\/www.espoo.fi\/fi\/kulttuuri-ja-vapaa-aika\/kulps-kulttuuri-ja-liikuntapolku\/kulps-kulttuuripolku\" data-type=\"link\" data-id=\"https:\/\/www.espoo.fi\/fi\/kulttuuri-ja-vapaa-aika\/kulps-kulttuuri-ja-liikuntapolku\/kulps-kulttuuripolku\">Espoon kaupunki \/ KULPS-kulttuuripolku<\/a><\/p>\n\n\n\n<p><a href=\"https:\/\/oranssi.net\/\" data-type=\"link\" data-id=\"https:\/\/oranssi.net\/\">Oranssi<\/a><\/p>\n\n\n\n<p><a href=\"https:\/\/www.kierratyskeskus.fi\/\">Kierr\u00e4tyskeskus<\/a><\/p>\n\n\n\n<p><a href=\"https:\/\/www.saksetseis.fi\/\">Sakset seis! -kampanja<\/a><\/p>\n\n\n\n<p><a href=\"https:\/\/www.k-ruoka.fi\/kauppa\/k-market-kivenlahti\">K-market Kivenlahti<\/a> &amp;<a href=\"https:\/\/www.k-ruoka.fi\/kauppa\/k-market-kivenlahdenkatu\"> K-market Kivenlahdenkatu<\/a><\/p>\n\n\n\n<p><a href=\"https:\/\/www.espoo.fi\/fi\/mainingin-koulu\">Mainingin koulu<\/a><\/p>\n\n\n\n<p><a href=\"https:\/\/www.espoo.fi\/fi\/otaniemen-lukio\">Otaniemen lukio<\/a><\/p>\n\n\n\n<p><a href=\"https:\/\/kalliola.fi\/\" data-type=\"link\" data-id=\"https:\/\/kalliola.fi\/\">Kalliolan setlementti ry<\/a><\/p>\n\n\n\n<p><a href=\"https:\/\/www.taitotalo.fi\/\">Taitotalo<\/a><\/p>\n\n\n\n<p><a href=\"https:\/\/helao.fi\/\" data-type=\"link\" data-id=\"https:\/\/helao.fi\/\">Helsingin aikuisopisto<\/a><\/p>\n\n\n\n<p><a href=\"https:\/\/www.mirsal.fi\/fi\/kotisivu\/\" data-type=\"link\" data-id=\"https:\/\/www.mirsal.fi\/fi\/kotisivu\/\">Mirsal ry<\/a><\/p>\n\n\n\n<p><a href=\"https:\/\/www.tsl.fi\/\" data-type=\"link\" data-id=\"https:\/\/www.tsl.fi\/\">Ty\u00f6v\u00e4en Sivistysliitto TSL ry<\/a><\/p>\n\n\n\n<p><a href=\"https:\/\/www.jadeyhteiso.fi\/\" data-type=\"link\" data-id=\"https:\/\/www.jadeyhteiso.fi\/\">Jade yhteis\u00f6 ry<\/a><\/p>\n\n\n\n<p><a href=\"https:\/\/luckan.fi\/fi\/\" data-type=\"link\" data-id=\"https:\/\/luckan.fi\/fi\/\">Luckan<\/a><\/p>\n\n\n\n<p><a href=\"https:\/\/lippulaiva.fi\/\">Kauppakeskus Lippulaiva<\/a><\/p>\n\n\n\n<p><a href=\"https:\/\/www.isoomena.fi\/\">Kauppakeskus Iso omena<\/a><\/p>\n\n\n\n<p><a href=\"https:\/\/www.ainoatapiola.fi\/?gad_source=1&amp;gad_campaignid=8519641189&amp;gbraid=0AAAAACmdjBk8MSktkSz2bQjbOcyBhz0CX&amp;gclid=Cj0KCQiAk6rNBhCxARIsAN5mQLtJYA8KI104cLsR57tMkr-qHueQ5kgEIeaR4DJxPWTLlx2X-nAVsZMaAk-uEALw_wcB\">Kauppakeskus Ainoa<\/a><\/p>\n<\/div><figure class=\"wp-block-media-text__media\"><img loading=\"lazy\" decoding=\"async\" width=\"820\" height=\"585\" src=\"http:\/\/www.teatterilimusiini.fi\/wp-content\/uploads\/2023\/08\/limppari-kierratyskeskus-ss.png\" alt=\"\" class=\"wp-image-94 size-full\" srcset=\"http:\/\/www.teatterilimusiini.fi\/wp-content\/uploads\/2023\/08\/limppari-kierratyskeskus-ss.png 820w, http:\/\/www.teatterilimusiini.fi\/wp-content\/uploads\/2023\/08\/limppari-kierratyskeskus-ss-300x214.png 300w, http:\/\/www.teatterilimusiini.fi\/wp-content\/uploads\/2023\/08\/limppari-kierratyskeskus-ss-768x548.png 768w\" sizes=\"auto, (max-width: 820px) 100vw, 820px\" \/><\/figure><\/div>\n","protected":false},"excerpt":{"rendered":"<p>Haluaako organisaatiosi tukea toimintaamme ja saada samalla lis\u00e4\u00e4 n\u00e4kyvyytt\u00e4? Ota meihin yhteytt\u00e4 s\u00e4hk\u00f6postilla hallinto@teatterilimusiini.fi Aiempia yhteisty\u00f6kumppaneitamme Teatteri Hy\u00f6kyvuori Riihim\u00e4en nuorisoteatteri Alakulttuuritila Alimus Helsinki Pride Espoon kaupunki \/ KULPS-kulttuuripolku Oranssi Kierr\u00e4tyskeskus Sakset seis! -kampanja K-market Kivenlahti &amp; K-market Kivenlahdenkatu Mainingin koulu Otaniemen lukio Kalliolan setlementti ry Taitotalo Helsingin aikuisopisto Mirsal ry Ty\u00f6v\u00e4en Sivistysliitto TSL ry Jade [&hellip;]<\/p>\n","protected":false},"author":1,"featured_media":0,"parent":0,"menu_order":0,"comment_status":"closed","ping_status":"closed","template":"","meta":{"footnotes":""},"class_list":["post-91","page","type-page","status-publish","hentry","entry"],"_links":{"self":[{"href":"http:\/\/www.teatterilimusiini.fi\/index.php\/wp-json\/wp\/v2\/pages\/91","targetHints":{"allow":["GET"]}}],"collection":[{"href":"http:\/\/www.teatterilimusiini.fi\/index.php\/wp-json\/wp\/v2\/pages"}],"about":[{"href":"http:\/\/www.teatterilimusiini.fi\/index.php\/wp-json\/wp\/v2\/types\/page"}],"author":[{"embeddable":true,"href":"http:\/\/www.teatterilimusiini.fi\/index.php\/wp-json\/wp\/v2\/users\/1"}],"replies":[{"embeddable":true,"href":"http:\/\/www.teatterilimusiini.fi\/index.php\/wp-json\/wp\/v2\/comments?post=91"}],"version-history":[{"count":16,"href":"http:\/\/www.teatterilimusiini.fi\/index.php\/wp-json\/wp\/v2\/pages\/91\/revisions"}],"predecessor-version":[{"id":656,"href":"http:\/\/www.teatterilimusiini.fi\/index.php\/wp-json\/wp\/v2\/pages\/91\/revisions\/656"}],"wp:attachment":[{"href":"http:\/\/www.teatterilimusiini.fi\/index.php\/wp-json\/wp\/v2\/media?parent=91"}],"curies":[{"name":"wp","href":"https:\/\/api.w.org\/{rel}","templated":true}]}}