{"id":100,"date":"2023-08-16T10:42:32","date_gmt":"2023-08-16T10:42:32","guid":{"rendered":"http:\/\/www.teatterilimusiini.fi\/?page_id=100"},"modified":"2026-04-01T13:31:55","modified_gmt":"2026-04-01T13:31:55","slug":"kannatusjaseneksi","status":"publish","type":"page","link":"http:\/\/www.teatterilimusiini.fi\/index.php\/kannatusjaseneksi\/","title":{"rendered":"Kannatusj\u00e4seneksi"},"content":{"rendered":"\n<p><strong>Tule mukaan tukemaan Teatteri Limusiinin toimintaa<\/strong>!<\/p>\n\n\n\n<p>Kannatusj\u00e4seneksi liittyminen auttaa meit\u00e4 vastaisuudessakin tarjoamaan saavutettavaa teatteritoimintaa erityisesti nuorille. Teemme nuorten voimin yhteiskunnallista taidetta edist\u00e4\u00e4ksemme globaalia oikeudenmukaisuutta.&nbsp;<\/p>\n\n\n\n<p>Kannatusj\u00e4senill\u00e4 on vapaaehtoinen p\u00e4\u00e4symaksu Teatteri Limusiinin tapahtumiin.&nbsp;<\/p>\n\n\n\n<p>Kannatusj\u00e4senyyden hinta on 60\u20ac\/12kk ja maksetaan kerran vuodessa. Lasku l\u00e4hetet\u00e4\u00e4n digitaalisena antamaasi s\u00e4hk\u00f6postiosoitteeseen.<\/p>\n\n\n\n<p>Kannatusj\u00e4senyytesi jatkuu automaattisesti seuraavallekin kaudelle, jos et toisin ilmoita ennen seuraavan kauden alkua (1.8.2026). Ota yhteytt\u00e4 s\u00e4hk\u00f6postitse osoitteeseen hallinto@teatterilimusiini.fi mik\u00e4li haluat perua j\u00e4senyytesi.\u00a0<\/p>\n\n\n\n<p><strong>Liittymislomakkeen l\u00f6yd\u00e4t<\/strong> <a href=\"https:\/\/forms.gle\/FToXTSxpkJ8brkBT9\"><strong>T\u00c4ST\u00c4<\/strong><\/a><\/p>\n\n\n\n<p>Tutustu toimintaamme somessa @teatterilimusiini. Saadaksesi ajankohtaista tietoa tapahtumistamme voit liitty\u00e4 postituslistallemme <a href=\"https:\/\/forms.gle\/asgy7biASnh1nM2r5\">T\u00c4ST\u00c4<\/a><\/p>\n\n\n\n<p><\/p>\n","protected":false},"excerpt":{"rendered":"<p>Tule mukaan tukemaan Teatteri Limusiinin toimintaa! Kannatusj\u00e4seneksi liittyminen auttaa meit\u00e4 vastaisuudessakin tarjoamaan saavutettavaa teatteritoimintaa erityisesti nuorille. Teemme nuorten voimin yhteiskunnallista taidetta edist\u00e4\u00e4ksemme globaalia oikeudenmukaisuutta.&nbsp; Kannatusj\u00e4senill\u00e4 on vapaaehtoinen p\u00e4\u00e4symaksu Teatteri Limusiinin tapahtumiin.&nbsp; Kannatusj\u00e4senyyden hinta on 60\u20ac\/12kk ja maksetaan kerran vuodessa. Lasku l\u00e4hetet\u00e4\u00e4n digitaalisena antamaasi s\u00e4hk\u00f6postiosoitteeseen. Kannatusj\u00e4senyytesi jatkuu automaattisesti seuraavallekin kaudelle, jos et toisin ilmoita ennen seuraavan [&hellip;]<\/p>\n","protected":false},"author":1,"featured_media":0,"parent":0,"menu_order":0,"comment_status":"closed","ping_status":"closed","template":"","meta":{"footnotes":""},"class_list":["post-100","page","type-page","status-publish","hentry","entry"],"_links":{"self":[{"href":"http:\/\/www.teatterilimusiini.fi\/index.php\/wp-json\/wp\/v2\/pages\/100","targetHints":{"allow":["GET"]}}],"collection":[{"href":"http:\/\/www.teatterilimusiini.fi\/index.php\/wp-json\/wp\/v2\/pages"}],"about":[{"href":"http:\/\/www.teatterilimusiini.fi\/index.php\/wp-json\/wp\/v2\/types\/page"}],"author":[{"embeddable":true,"href":"http:\/\/www.teatterilimusiini.fi\/index.php\/wp-json\/wp\/v2\/users\/1"}],"replies":[{"embeddable":true,"href":"http:\/\/www.teatterilimusiini.fi\/index.php\/wp-json\/wp\/v2\/comments?post=100"}],"version-history":[{"count":7,"href":"http:\/\/www.teatterilimusiini.fi\/index.php\/wp-json\/wp\/v2\/pages\/100\/revisions"}],"predecessor-version":[{"id":662,"href":"http:\/\/www.teatterilimusiini.fi\/index.php\/wp-json\/wp\/v2\/pages\/100\/revisions\/662"}],"wp:attachment":[{"href":"http:\/\/www.teatterilimusiini.fi\/index.php\/wp-json\/wp\/v2\/media?parent=100"}],"curies":[{"name":"wp","href":"https:\/\/api.w.org\/{rel}","templated":true}]}}